{"id":190,"date":"2022-10-18T19:04:04","date_gmt":"2022-10-18T19:04:04","guid":{"rendered":"https:\/\/singerlatam.com\/peru\/?page_id=190"},"modified":"2022-10-18T19:12:34","modified_gmt":"2022-10-18T19:12:34","slug":"videos-y-tutoriales","status":"publish","type":"page","link":"https:\/\/singerlatam.com\/peru\/videos-y-tutoriales\/","title":{"rendered":"Videos y Tutoriales"},"content":{"rendered":"<p>Si eres nueva en el arte de la costura o s\u00f3lo necesitas renovar tus conocimientos, la siguiente informaci\u00f3n te puede ayudar. Las peque\u00f1as frustraciones tales como atascos del hilo o como devanar la bobina, pueden ser prevenidas o ser corregidas repasando estas t\u00e9cnicas de operaci\u00f3n.<\/p>\n<p>Adem\u00e1s puedes consultar la secci\u00f3n de\u00a0<a title=\"Preguntas Frecuentes\" href=\"https:\/\/digital-mind.com.mx\/singerlatam\/preguntas-frecuentes\/\" target=\"_blank\" rel=\"noopener\">Preguntas Frecuentes<\/a><\/p>\n","protected":false},"excerpt":{"rendered":"<p>Si eres nueva en el arte de la costura o s\u00f3lo necesitas renovar tus conocimientos, la siguiente informaci\u00f3n te puede ayudar. Las peque\u00f1as frustraciones tales como atascos del hilo o como devanar la bobina, pueden ser prevenidas o ser corregidas repasando estas t\u00e9cnicas de operaci\u00f3n. Adem\u00e1s puedes consultar la secci\u00f3n de\u00a0Preguntas Frecuentes<\/p>\n","protected":false},"author":1,"featured_media":0,"parent":0,"menu_order":0,"comment_status":"closed","ping_status":"closed","template":"page-videos.php","meta":{"inline_featured_image":false,"footnotes":""},"class_list":["post-190","page","type-page","status-publish","hentry"],"acf":[],"aioseo_notices":[],"_links":{"self":[{"href":"https:\/\/singerlatam.com\/peru\/wp-json\/wp\/v2\/pages\/190","targetHints":{"allow":["GET"]}}],"collection":[{"href":"https:\/\/singerlatam.com\/peru\/wp-json\/wp\/v2\/pages"}],"about":[{"href":"https:\/\/singerlatam.com\/peru\/wp-json\/wp\/v2\/types\/page"}],"author":[{"embeddable":true,"href":"https:\/\/singerlatam.com\/peru\/wp-json\/wp\/v2\/users\/1"}],"replies":[{"embeddable":true,"href":"https:\/\/singerlatam.com\/peru\/wp-json\/wp\/v2\/comments?post=190"}],"version-history":[{"count":4,"href":"https:\/\/singerlatam.com\/peru\/wp-json\/wp\/v2\/pages\/190\/revisions"}],"predecessor-version":[{"id":211,"href":"https:\/\/singerlatam.com\/peru\/wp-json\/wp\/v2\/pages\/190\/revisions\/211"}],"wp:attachment":[{"href":"https:\/\/singerlatam.com\/peru\/wp-json\/wp\/v2\/media?parent=190"}],"curies":[{"name":"wp","href":"https:\/\/api.w.org\/{rel}","templated":true}]}}