{"id":9,"date":"2022-10-17T15:05:08","date_gmt":"2022-10-17T15:05:08","guid":{"rendered":"https:\/\/singerlatam.com\/paraguay\/?page_id=9"},"modified":"2023-10-19T23:56:15","modified_gmt":"2023-10-19T23:56:15","slug":"garantias","status":"publish","type":"page","link":"https:\/\/singerlatam.com\/paraguay\/garantias\/","title":{"rendered":"Garant\u00edas"},"content":{"rendered":"<h3>T\u00e9rminos de garant\u00eda<\/h3>\n<p>En esta secci\u00f3n te proporcionamos las garant\u00edas para los diferentes tipos de productos SINGER<sup>\u00ae<\/sup>. Ubica la garant\u00eda adecuada para tu tipo de producto, da click y descarga la garant\u00eda. Recuerda que necesitas tu ticket de compra original o correo electr\u00f3nico de confirmaci\u00f3n de pedido para hacer v\u00e1lida la garant\u00eda.<\/p>\n<p>&nbsp;<\/p>\n<div class=\"gmail_default\">\n<table border=\"1\" cellspacing=\"1\" cellpadding=\"1\" align=\"center\">\n<thead>\n<tr>\n<th scope=\"col\">Garant\u00eda<\/th>\n<th scope=\"col\">Productos<\/th>\n<\/tr>\n<\/thead>\n<tbody>\n<tr>\n<td class=\"text-align-center\">1 a\u00f1o<\/td>\n<td class=\"text-align-center\">M\u00e1quinas de coser dom\u00e9sticas, electr\u00f3nicas, bordadoras,\u00a0 industriales y overlock<\/td>\n<\/tr>\n<tr>\n<td class=\"text-align-center\">3 meses<\/td>\n<td class=\"text-align-center\">Planchas<\/td>\n<\/tr>\n<\/tbody>\n<\/table>\n<h5><\/h5>\n<\/div>\n","protected":false},"excerpt":{"rendered":"<p>T\u00e9rminos de garant\u00eda En esta secci\u00f3n te proporcionamos las garant\u00edas para los diferentes tipos de productos SINGER\u00ae. Ubica la garant\u00eda adecuada para tu tipo de producto, da click y descarga la garant\u00eda. Recuerda que necesitas tu ticket de compra original o correo electr\u00f3nico de confirmaci\u00f3n de pedido para hacer v\u00e1lida la garant\u00eda. &nbsp; Garant\u00eda Productos [&hellip;]<\/p>\n","protected":false},"author":1,"featured_media":0,"parent":0,"menu_order":0,"comment_status":"closed","ping_status":"closed","template":"","meta":{"inline_featured_image":false,"footnotes":""},"class_list":["post-9","page","type-page","status-publish","hentry"],"acf":[],"aioseo_notices":[],"_links":{"self":[{"href":"https:\/\/singerlatam.com\/paraguay\/wp-json\/wp\/v2\/pages\/9","targetHints":{"allow":["GET"]}}],"collection":[{"href":"https:\/\/singerlatam.com\/paraguay\/wp-json\/wp\/v2\/pages"}],"about":[{"href":"https:\/\/singerlatam.com\/paraguay\/wp-json\/wp\/v2\/types\/page"}],"author":[{"embeddable":true,"href":"https:\/\/singerlatam.com\/paraguay\/wp-json\/wp\/v2\/users\/1"}],"replies":[{"embeddable":true,"href":"https:\/\/singerlatam.com\/paraguay\/wp-json\/wp\/v2\/comments?post=9"}],"version-history":[{"count":3,"href":"https:\/\/singerlatam.com\/paraguay\/wp-json\/wp\/v2\/pages\/9\/revisions"}],"predecessor-version":[{"id":573,"href":"https:\/\/singerlatam.com\/paraguay\/wp-json\/wp\/v2\/pages\/9\/revisions\/573"}],"wp:attachment":[{"href":"https:\/\/singerlatam.com\/paraguay\/wp-json\/wp\/v2\/media?parent=9"}],"curies":[{"name":"wp","href":"https:\/\/api.w.org\/{rel}","templated":true}]}}