{"id":235,"date":"2022-10-18T20:03:26","date_gmt":"2022-10-18T20:03:26","guid":{"rendered":"https:\/\/singerlatam.com\/paraguay\/?page_id=235"},"modified":"2022-10-18T20:03:26","modified_gmt":"2022-10-18T20:03:26","slug":"acerca-de","status":"publish","type":"page","link":"https:\/\/singerlatam.com\/paraguay\/acerca-de\/","title":{"rendered":"Acerca de"},"content":{"rendered":"<p>Desde 1851, el nombre SINGER es sin\u00f3nimo de costura. Este fue el a\u00f1o de la patente de Isaac Singer sobre la primera m\u00e1quina de coser dom\u00e9stica, marcando el comienzo oficial de SINGER como empresa y su liderazgo en la industria. El esp\u00edritu de dise\u00f1o pr\u00e1ctico e innovaci\u00f3n creativa que caracteriz\u00f3 a la empresa en sus inicios contin\u00faa hoy a medida que desarrollamos productos para todos los niveles de costura. SINGER ha celebrado muchas novedades, incluida la primera m\u00e1quina de zig-zag del mundo, las primeras m\u00e1quinas electr\u00f3nicas, la primera aplicaci\u00f3n de Asistente de Costura para dispositivos m\u00f3viles y mucho m\u00e1s. Desde la moda hasta la decoraci\u00f3n del hogar, bordados, acolchados y m\u00e1s, SINGER se dedica a ayudar a las personas a expresarse a trav\u00e9s del arte de la costura.<\/p>\n<h3>Nuestra Misi\u00f3n<\/h3>\n<p>Nos esforzamos por ser la autoridad mundial l\u00edder en la industria de la costura utilizando nuestras respetadas marcas para inspirar y deleitar\u00a0a apasionados de la costura de todos los niveles.<\/p>\n<h3>Nuestros Valores<\/h3>\n<ul>\n<li>Confianza<\/li>\n<li>Integridad<\/li>\n<li>Orientaci\u00f3n al cliente<\/li>\n<li>Trabajo en equipo<\/li>\n<\/ul>\n<p><img loading=\"lazy\" decoding=\"async\" class=\"aligncenter size-large wp-image-236\" src=\"https:\/\/singerlatam.com\/paraguay\/wp-content\/uploads\/sites\/10\/2022\/10\/mx-SVP-21-0001-Values-Logo_Spanish-circle-1024x791.webp\" alt=\"\" width=\"640\" height=\"494\" srcset=\"https:\/\/singerlatam.com\/paraguay\/wp-content\/uploads\/sites\/10\/2022\/10\/mx-SVP-21-0001-Values-Logo_Spanish-circle-1024x791.webp 1024w, https:\/\/singerlatam.com\/paraguay\/wp-content\/uploads\/sites\/10\/2022\/10\/mx-SVP-21-0001-Values-Logo_Spanish-circle-300x232.webp 300w, https:\/\/singerlatam.com\/paraguay\/wp-content\/uploads\/sites\/10\/2022\/10\/mx-SVP-21-0001-Values-Logo_Spanish-circle-768x593.webp 768w, https:\/\/singerlatam.com\/paraguay\/wp-content\/uploads\/sites\/10\/2022\/10\/mx-SVP-21-0001-Values-Logo_Spanish-circle-1536x1187.webp 1536w, https:\/\/singerlatam.com\/paraguay\/wp-content\/uploads\/sites\/10\/2022\/10\/mx-SVP-21-0001-Values-Logo_Spanish-circle-2048x1582.webp 2048w\" sizes=\"auto, (max-width: 640px) 100vw, 640px\" \/><\/p>\n","protected":false},"excerpt":{"rendered":"<p>Desde 1851, el nombre SINGER es sin\u00f3nimo de costura. Este fue el a\u00f1o de la patente de Isaac Singer sobre la primera m\u00e1quina de coser dom\u00e9stica, marcando el comienzo oficial de SINGER como empresa y su liderazgo en la industria. El esp\u00edritu de dise\u00f1o pr\u00e1ctico e innovaci\u00f3n creativa que caracteriz\u00f3 a la empresa en sus [&hellip;]<\/p>\n","protected":false},"author":1,"featured_media":0,"parent":0,"menu_order":0,"comment_status":"closed","ping_status":"closed","template":"","meta":{"inline_featured_image":false,"footnotes":""},"class_list":["post-235","page","type-page","status-publish","hentry"],"acf":[],"aioseo_notices":[],"_links":{"self":[{"href":"https:\/\/singerlatam.com\/paraguay\/wp-json\/wp\/v2\/pages\/235","targetHints":{"allow":["GET"]}}],"collection":[{"href":"https:\/\/singerlatam.com\/paraguay\/wp-json\/wp\/v2\/pages"}],"about":[{"href":"https:\/\/singerlatam.com\/paraguay\/wp-json\/wp\/v2\/types\/page"}],"author":[{"embeddable":true,"href":"https:\/\/singerlatam.com\/paraguay\/wp-json\/wp\/v2\/users\/1"}],"replies":[{"embeddable":true,"href":"https:\/\/singerlatam.com\/paraguay\/wp-json\/wp\/v2\/comments?post=235"}],"version-history":[{"count":1,"href":"https:\/\/singerlatam.com\/paraguay\/wp-json\/wp\/v2\/pages\/235\/revisions"}],"predecessor-version":[{"id":237,"href":"https:\/\/singerlatam.com\/paraguay\/wp-json\/wp\/v2\/pages\/235\/revisions\/237"}],"wp:attachment":[{"href":"https:\/\/singerlatam.com\/paraguay\/wp-json\/wp\/v2\/media?parent=235"}],"curies":[{"name":"wp","href":"https:\/\/api.w.org\/{rel}","templated":true}]}}