{"id":240,"date":"2022-10-18T20:08:31","date_gmt":"2022-10-18T20:08:31","guid":{"rendered":"https:\/\/singerlatam.com\/ecuador\/?page_id=240"},"modified":"2022-10-18T20:08:31","modified_gmt":"2022-10-18T20:08:31","slug":"politicas-de-privacidad","status":"publish","type":"page","link":"https:\/\/singerlatam.com\/ecuador\/politicas-de-privacidad\/","title":{"rendered":"Pol\u00edticas de privacidad"},"content":{"rendered":"<p>Este Sitio Web contiene informaci\u00f3n sobre SVP M\u00e9xico S.A., por lo que su acceso, consulta y uso de las aplicaciones que en el de encuentren, se rigen conforme a los siguientes t\u00e9rminos, condiciones y legislaci\u00f3n aplicable.<\/p>\n<p>Los t\u00e9rminos de uso aqu\u00ed estipulados podr\u00e1n ser modificados en forma unilateral por SVP M\u00e9xico S.A ., por lo que le recomendamos los revise peri\u00f3dicamente.<\/p>\n<p>SVP M\u00e9xico S.A., no es responsable por la exactitud de la informaci\u00f3n aqu\u00ed contenida, ni por errores u omisiones que pudieran ocurrir en este Sitio Web todos los productos y servicios citados en esta p\u00e1gina cuentan con los registros necesarios y es parte de la pol\u00edtica de SVP M\u00e9xico S.A., cumplir y hacer cumplir a cualquier usuario de este sitio el respeto a tales registros.<\/p>\n<p>Los autores del contenido e informaci\u00f3n de este Sitio Web, as\u00ed como el dise\u00f1o, fotograf\u00edas e im\u00e1genes, entre otros, de este sitio se han reservado su uso exclusivo, protegi\u00e9ndole de acuerdo con las leyes mexicanas vigentes, por lo que su reproducci\u00f3n, copia, alteraci\u00f3n, modificaci\u00f3n o cualquier uso sin el permiso adecuado por escrito de SVP M\u00e9xico S.A., est\u00e1 prohibido y constituye un delito. El hacer caso omiso a esta notificaci\u00f3n, concede a SVP M\u00e9xico S.A., tomar las medidas pertinentes.<\/p>\n<p>Si usted desea que SVP M\u00e9xico S.A., conteste a sus preguntas por el simple hecho de usar esta v\u00eda, SVP M\u00e9xico S.A., considerar\u00e1 su aprobaci\u00f3n en que nada de lo que escriba ser\u00e1 considerado como \u00a8informaci\u00f3n confidencial\u00a8 y, por lo tanto, sin reservas de titularidad de propiedad intelectual por su parte, SVP M\u00e9xico S.A., est\u00e1 autorizado para divulgar su consulta, as\u00ed como utilizar sus ideas, conceptos y conocimientos, entre otros sin limitaci\u00f3n alguna.<\/p>\n<p>Los datos personales registrados y disponibles para SVP M\u00e9xico S.A, con su visita a este Sitio Web, solamente ser\u00e1n procesados de acuerdo con las instrucciones de consulta estipuladas en la Pol\u00edtica de Privacidad.<\/p>\n<p>En caso de que al consultar el Sitio Web sea remitido a p\u00e1ginas que no sean de SVP M\u00e9xico S.A., queda establecido que no existe responsabilidad legal alguna para SVP M\u00e9xico S.A., en este caso, ya que el prop\u00f3sito de ello es \u00fanicamente ampliar ciertos temas de su inter\u00e9s.<\/p>\n<p>Tampoco ser\u00e1 responsable por el mal uso que se haga de claves de acceso a informaci\u00f3n restringida (en el caso que las hubiera).<\/p>\n<p><strong>CONFIDENCIALIDAD:<\/strong><\/p>\n<p>Por ning\u00fan motivo y sin su previa autorizaci\u00f3n, se proporcionar\u00e1 su informaci\u00f3n personal a terceras personas, excepto cuando la informaci\u00f3n personal no se identifique como suya. SVP M\u00e9xico S.A., solamente proporcionar\u00e1 informaci\u00f3n de sus clientes a sus empresas afiliadas que est\u00e1n comprometidas a respetar las pol\u00edticas de privacidad aqu\u00ed se\u00f1aladas, o por requerimiento expreso de alguna autoridad.<\/p>\n<p><strong>CUMPLIMIENTO LEGAL:<\/strong><\/p>\n<p>En SVP M\u00e9xico S.A., se trabaja en el cumplimiento con las Leyes aplicables para la protecci\u00f3n de datos personales en los Estados Unidos Mexicanos y se cuenta con pol\u00edticas corporativas dise\u00f1adas para la protecci\u00f3n de las mismas con la informaci\u00f3n de nuestros clientes.<\/p>\n<p>SVP M\u00e9xico S.A., se encarga de la seguridad de sus datos personales, previniendo en todo momento la filtraci\u00f3n, p\u00e9rdida \u00f3 alteraci\u00f3n de los mismos, con la finalidad de cumplir con las leyes aplicables y generar en usted confianza y tranquilidad.<\/p>\n<p>As\u00ed mismo, si usted no est\u00e1 de acuerdo con estos t\u00e9rminos, le sugerimos no utilizar este sitio.<\/p>\n<p><strong>POLITICAS DE PRIVACIDAD:<\/strong><\/p>\n<p>Usted puede autorizar a SVP M\u00e9xico S.A., para tomar sus datos de identificaci\u00f3n personal (en caso de existir esta opci\u00f3n), lo que nos permitir\u00e1 mantenerlo actualizado sobre nuestros productos y servicios a trav\u00e9s de correo electr\u00f3nico o cualquier otro medio de comunicaci\u00f3n impresa y\/o electr\u00f3nica.<\/p>\n<p>Si usted no desea recibir correspondencia nuestra por ninguna de estas v\u00edas, bastar\u00e1 que as\u00ed lo se\u00f1ale espec\u00edficamente, marcando debidamente la opci\u00f3n correspondiente.<\/p>\n<p>SVP M\u00e9xico S.A., almacena informaci\u00f3n acerca de los usuarios que visitan este sitio y sus diferentes secciones a trav\u00e9s de \u00a8cookies\u00a8 o archivos temporales, los cuales se emplean y comparten \u00fanicamente con nuestros afiliados, socios, distribuidores y mercadeo con el prop\u00f3sito de definir el inter\u00e9s del usuario por alguna secci\u00f3n o servicio particular y enriquecer a\u00fan m\u00e1s su visita a este sitio.<\/p>\n<p><strong>COOKIES Y ARCHIVOS TEMPORALES:<\/strong><\/p>\n<p>Son datos que se almacenan en el disco duro de la computadora y se crean mediante un acceso que un usuario tiene a un sitio y las secciones que este incluye. Adem\u00e1s, determinan la direcci\u00f3n o protocolo de internet (IP) desde el cual se accede al sitio, d\u00eda y hora de acceso, navegador y sistema operativo. Estos datos no proporcionan informaci\u00f3n personal acerca del usuario.<\/p>\n<p>Por otro lado, los \u201ccookies\u201d son archivos peque\u00f1os colocados en el disco duro por un sitio web estos archivos identifican informaci\u00f3n espec\u00edfica acerca de las visitas que se hayan hecho al sitio web con miras a facilitar la navegaci\u00f3n en nuestra p\u00e1gina, cabe la posibilidad de que coloquemos ciertos cookies dentro de nuestro sitio web. S\u00f3lo hacemos uso de esta informaci\u00f3n para seguir los patrones de navegaci\u00f3n de nuestros clientes y poder mejorar nuestra p\u00e1gina y hacer que sea m\u00e1s amigable y nos permita satisfacer las necesidades de nuestros usuarios.<\/p>\n<p>Le recordamos que usted puede deshabilitar o ajustar el uso de \u201ccookies\u201d, siguiendo los procedimientos del navegador de internet que utiliza para acceder a nuestro sitio web.<\/p>\n<p><strong>T\u00c9RMINOS Y CONDICIONES:<\/strong><\/p>\n<p>Este sitio www.singerlatam.com ha sido creado por SVP M\u00e9xico S.A., mismo para ser utilizado \u00fanicamente con los fines informativos.<\/p>\n<p>El acceso y navegaci\u00f3n en este sitio supone aceptar y conocer las advertencias legales, as\u00ed como los t\u00e9rminos y condiciones de uso, contenidas en la misma p\u00e1gina web.<\/p>\n<p>Cualquier uso distinto est\u00e1 prohibido y no se autoriza en forma alguna SVP M\u00e9xico S.A., Copyright 2017 \u2013 SVP M\u00e9xico S.A.<\/p>\n<p>Todos los derechos reservados.<\/p>\n<p>Fecha de \u00faltima actualizaci\u00f3n 07 de octubre de 2021<\/p>\n","protected":false},"excerpt":{"rendered":"<p>Este Sitio Web contiene informaci\u00f3n sobre SVP M\u00e9xico S.A., por lo que su acceso, consulta y uso de las aplicaciones que en el de encuentren, se rigen conforme a los siguientes t\u00e9rminos, condiciones y legislaci\u00f3n aplicable. Los t\u00e9rminos de uso aqu\u00ed estipulados podr\u00e1n ser modificados en forma unilateral por SVP M\u00e9xico S.A ., por lo [&hellip;]<\/p>\n","protected":false},"author":1,"featured_media":0,"parent":0,"menu_order":0,"comment_status":"closed","ping_status":"closed","template":"","meta":{"inline_featured_image":false,"footnotes":""},"class_list":["post-240","page","type-page","status-publish","hentry"],"acf":[],"aioseo_notices":[],"_links":{"self":[{"href":"https:\/\/singerlatam.com\/ecuador\/wp-json\/wp\/v2\/pages\/240","targetHints":{"allow":["GET"]}}],"collection":[{"href":"https:\/\/singerlatam.com\/ecuador\/wp-json\/wp\/v2\/pages"}],"about":[{"href":"https:\/\/singerlatam.com\/ecuador\/wp-json\/wp\/v2\/types\/page"}],"author":[{"embeddable":true,"href":"https:\/\/singerlatam.com\/ecuador\/wp-json\/wp\/v2\/users\/1"}],"replies":[{"embeddable":true,"href":"https:\/\/singerlatam.com\/ecuador\/wp-json\/wp\/v2\/comments?post=240"}],"version-history":[{"count":1,"href":"https:\/\/singerlatam.com\/ecuador\/wp-json\/wp\/v2\/pages\/240\/revisions"}],"predecessor-version":[{"id":241,"href":"https:\/\/singerlatam.com\/ecuador\/wp-json\/wp\/v2\/pages\/240\/revisions\/241"}],"wp:attachment":[{"href":"https:\/\/singerlatam.com\/ecuador\/wp-json\/wp\/v2\/media?parent=240"}],"curies":[{"name":"wp","href":"https:\/\/api.w.org\/{rel}","templated":true}]}}