{"id":161,"date":"2022-10-17T15:26:19","date_gmt":"2022-10-17T15:26:19","guid":{"rendered":"https:\/\/singerlatam.com\/ecuador\/?page_id=161"},"modified":"2022-10-17T15:56:03","modified_gmt":"2022-10-17T15:56:03","slug":"tipos-de-puntadas","status":"publish","type":"page","link":"https:\/\/singerlatam.com\/ecuador\/tipos-de-puntadas\/","title":{"rendered":"Tipos de puntadas"},"content":{"rendered":"<p>Ampl\u00ede las capacidades de su m\u00e1quina de coser conociendo la variedad de puntadas incorporadas que contiene.<\/p>\n<p>Encuentre las puntadas que mejor se adapten a los trabajos que este haciendo. Cualquier trabajo que este haciendo, tales como crear prendas nuevas, reparaciones o embelleciendo un proyecto, su trabajo ser\u00e1 mucho m\u00e1s f\u00e1cil si usa la puntada correcta y le ayudar\u00e1 a obtener resultados profesionales.<\/p>\n<p>Existen 3 tipos de puntadas ideales para todo tipo de trabajos: Utilitarias (para todo tipo de trabajos), Decorativas (para embellecer y decorar tus proyectos) y Flexibles (para coser telas el\u00e1sticas).<\/p>\n<p>En esta secci\u00f3n te mostramos la variedad de puntadas que puedes encontrar en los diferentes modelos de m\u00e1quinas de coser.<\/p>\n","protected":false},"excerpt":{"rendered":"<p>Ampl\u00ede las capacidades de su m\u00e1quina de coser conociendo la variedad de puntadas incorporadas que contiene. Encuentre las puntadas que mejor se adapten a los trabajos que este haciendo. Cualquier trabajo que este haciendo, tales como crear prendas nuevas, reparaciones o embelleciendo un proyecto, su trabajo ser\u00e1 mucho m\u00e1s f\u00e1cil si usa la puntada correcta [&hellip;]<\/p>\n","protected":false},"author":1,"featured_media":0,"parent":0,"menu_order":0,"comment_status":"closed","ping_status":"closed","template":"page-puntadas.php","meta":{"inline_featured_image":false,"footnotes":""},"class_list":["post-161","page","type-page","status-publish","hentry"],"acf":[],"aioseo_notices":[],"_links":{"self":[{"href":"https:\/\/singerlatam.com\/ecuador\/wp-json\/wp\/v2\/pages\/161","targetHints":{"allow":["GET"]}}],"collection":[{"href":"https:\/\/singerlatam.com\/ecuador\/wp-json\/wp\/v2\/pages"}],"about":[{"href":"https:\/\/singerlatam.com\/ecuador\/wp-json\/wp\/v2\/types\/page"}],"author":[{"embeddable":true,"href":"https:\/\/singerlatam.com\/ecuador\/wp-json\/wp\/v2\/users\/1"}],"replies":[{"embeddable":true,"href":"https:\/\/singerlatam.com\/ecuador\/wp-json\/wp\/v2\/comments?post=161"}],"version-history":[{"count":6,"href":"https:\/\/singerlatam.com\/ecuador\/wp-json\/wp\/v2\/pages\/161\/revisions"}],"predecessor-version":[{"id":187,"href":"https:\/\/singerlatam.com\/ecuador\/wp-json\/wp\/v2\/pages\/161\/revisions\/187"}],"wp:attachment":[{"href":"https:\/\/singerlatam.com\/ecuador\/wp-json\/wp\/v2\/media?parent=161"}],"curies":[{"name":"wp","href":"https:\/\/api.w.org\/{rel}","templated":true}]}}