{"id":161,"date":"2022-10-17T15:26:19","date_gmt":"2022-10-17T15:26:19","guid":{"rendered":"https:\/\/singerlatam.com\/chile\/?page_id=161"},"modified":"2023-08-17T18:33:58","modified_gmt":"2023-08-17T18:33:58","slug":"tipos-de-puntadas","status":"publish","type":"page","link":"https:\/\/singerlatam.com\/chile\/tipos-de-puntadas\/","title":{"rendered":"Gu\u00eda de Aplicaciones de Puntadas"},"content":{"rendered":"<p><span data-sheets-value=\"{&quot;1&quot;:2,&quot;2&quot;:&quot;Explora cientos de aplicaciones de puntadas \u00fanicas para varias t\u00e9cnicas de costura. Mira el video y haz clic para explorar cientos de im\u00e1genes de puntada a continuaci\u00f3n.&quot;}\" data-sheets-userformat=\"{&quot;2&quot;:14721,&quot;3&quot;:{&quot;1&quot;:0,&quot;3&quot;:1},&quot;10&quot;:1,&quot;11&quot;:4,&quot;14&quot;:{&quot;1&quot;:3,&quot;3&quot;:1},&quot;15&quot;:&quot;Calibri&quot;,&quot;16&quot;:11}\">Explora cientos de aplicaciones de puntadas \u00fanicas para varias t\u00e9cnicas de costura. Mira el video y haz clic para explorar cientos de im\u00e1genes de puntada a continuaci\u00f3n.<\/span><\/p>\n<div class=\"embed-responsive embed-responsive-16by9\"><iframe loading=\"lazy\" title=\"SINGER\u00ae - What is a Stitch Application?\" src=\"https:\/\/www.youtube.com\/embed\/G7tb94anErQ\" width=\"1200\" height=\"510\" frameborder=\"0\" allowfullscreen=\"allowfullscreen\"><span data-mce-type=\"bookmark\" style=\"display: inline-block; width: 0px; overflow: hidden; line-height: 0;\" class=\"mce_SELRES_start\">\ufeff<\/span><\/iframe><\/div>\n","protected":false},"excerpt":{"rendered":"<p>Explora cientos de aplicaciones de puntadas \u00fanicas para varias t\u00e9cnicas de costura. Mira el video y haz clic para explorar cientos de im\u00e1genes de puntada a continuaci\u00f3n. \ufeff<\/p>\n","protected":false},"author":1,"featured_media":0,"parent":0,"menu_order":0,"comment_status":"closed","ping_status":"closed","template":"page-puntadas.php","meta":{"inline_featured_image":false,"footnotes":""},"class_list":["post-161","page","type-page","status-publish","hentry"],"acf":[],"aioseo_notices":[],"_links":{"self":[{"href":"https:\/\/singerlatam.com\/chile\/wp-json\/wp\/v2\/pages\/161","targetHints":{"allow":["GET"]}}],"collection":[{"href":"https:\/\/singerlatam.com\/chile\/wp-json\/wp\/v2\/pages"}],"about":[{"href":"https:\/\/singerlatam.com\/chile\/wp-json\/wp\/v2\/types\/page"}],"author":[{"embeddable":true,"href":"https:\/\/singerlatam.com\/chile\/wp-json\/wp\/v2\/users\/1"}],"replies":[{"embeddable":true,"href":"https:\/\/singerlatam.com\/chile\/wp-json\/wp\/v2\/comments?post=161"}],"version-history":[{"count":16,"href":"https:\/\/singerlatam.com\/chile\/wp-json\/wp\/v2\/pages\/161\/revisions"}],"predecessor-version":[{"id":1783,"href":"https:\/\/singerlatam.com\/chile\/wp-json\/wp\/v2\/pages\/161\/revisions\/1783"}],"wp:attachment":[{"href":"https:\/\/singerlatam.com\/chile\/wp-json\/wp\/v2\/media?parent=161"}],"curies":[{"name":"wp","href":"https:\/\/api.w.org\/{rel}","templated":true}]}}