{"id":9,"date":"2022-10-17T15:05:08","date_gmt":"2022-10-17T15:05:08","guid":{"rendered":"https:\/\/singerlatam.com\/bolivia\/?page_id=9"},"modified":"2023-09-05T21:33:29","modified_gmt":"2023-09-05T21:33:29","slug":"garantias","status":"publish","type":"page","link":"https:\/\/singerlatam.com\/bolivia\/garantias\/","title":{"rendered":"Garant\u00edas"},"content":{"rendered":"<h3>T\u00e9rminos de garant\u00eda<\/h3>\n<p>En esta secci\u00f3n te proporcionamos las garant\u00edas para los diferentes tipos de productos SINGER<sup>\u00ae<\/sup>. Ubica la garant\u00eda adecuada para tu tipo de producto, da click y descarga la garant\u00eda. Recuerda que necesitas tu ticket de compra original o correo electr\u00f3nico de confirmaci\u00f3n de pedido para hacer v\u00e1lida la garant\u00eda.<\/p>\n<p>&nbsp;<\/p>\n<div class=\"gmail_default\">\n<table border=\"1\" cellspacing=\"1\" cellpadding=\"1\" align=\"center\">\n<thead>\n<tr>\n<th scope=\"col\">Garant\u00eda<\/th>\n<th scope=\"col\">Productos<\/th>\n<\/tr>\n<\/thead>\n<tbody>\n<tr>\n<td class=\"text-align-center\"><a href=\"https:\/\/res.cloudinary.com\/singer-sewing\/image\/upload\/v1622755685\/Singer%20Mexico%20Site%20Library\/Warranties\/Warranty_Mx_-_5_years.pdf\">5 a\u00f1os<\/a><\/td>\n<td class=\"text-align-center\">M\u00e1quinas de coser dom\u00e9sticas, computarizadas y overlock<\/td>\n<\/tr>\n<tr>\n<td class=\"text-align-center\"><a href=\"https:\/\/res.cloudinary.com\/singer-sewing\/image\/upload\/v1622755685\/Singer%20Mexico%20Site%20Library\/Warranties\/Warranty_Mx_-_2_years.pdf\">2 a\u00f1os<\/a><\/td>\n<td class=\"text-align-center\">Bordadoras<\/td>\n<\/tr>\n<tr>\n<td class=\"text-align-center\"><a href=\"https:\/\/res.cloudinary.com\/singer-sewing\/image\/upload\/v1622761988\/Singer%20Mexico%20Site%20Library\/Warranties\/Warranty_Mx_-_1_year.ai\">1 a\u00f1o<\/a><\/td>\n<td class=\"text-align-center\">Planchas, centrales de vapor y planchadoras<\/td>\n<\/tr>\n<tr>\n<td class=\"text-align-center\"><a href=\"https:\/\/res.cloudinary.com\/singer-sewing\/image\/upload\/v1622755685\/Singer%20Mexico%20Site%20Library\/Warranties\/Warranty_Mx_-_6_months.pdf\">6 meses<\/a><\/td>\n<td class=\"text-align-center\">M\u00e1quinas industriales<\/td>\n<\/tr>\n<tr>\n<td class=\"text-align-center\"><a href=\"https:\/\/res.cloudinary.com\/singer-sewing\/image\/upload\/v1622755685\/Singer%20Mexico%20Site%20Library\/Warranties\/Warrany_Mx_-_-3_months.ai\">3 meses<\/a><\/td>\n<td class=\"text-align-center\">Quita pelusas y m\u00e1quina manual<\/td>\n<\/tr>\n<\/tbody>\n<\/table>\n<h5><\/h5>\n<\/div>\n","protected":false},"excerpt":{"rendered":"<p>T\u00e9rminos de garant\u00eda En esta secci\u00f3n te proporcionamos las garant\u00edas para los diferentes tipos de productos SINGER\u00ae. Ubica la garant\u00eda adecuada para tu tipo de producto, da click y descarga la garant\u00eda. Recuerda que necesitas tu ticket de compra original o correo electr\u00f3nico de confirmaci\u00f3n de pedido para hacer v\u00e1lida la garant\u00eda. &nbsp; Garant\u00eda Productos [&hellip;]<\/p>\n","protected":false},"author":1,"featured_media":0,"parent":0,"menu_order":0,"comment_status":"closed","ping_status":"closed","template":"","meta":{"inline_featured_image":false,"footnotes":""},"class_list":["post-9","page","type-page","status-publish","hentry"],"acf":[],"aioseo_notices":[],"_links":{"self":[{"href":"https:\/\/singerlatam.com\/bolivia\/wp-json\/wp\/v2\/pages\/9","targetHints":{"allow":["GET"]}}],"collection":[{"href":"https:\/\/singerlatam.com\/bolivia\/wp-json\/wp\/v2\/pages"}],"about":[{"href":"https:\/\/singerlatam.com\/bolivia\/wp-json\/wp\/v2\/types\/page"}],"author":[{"embeddable":true,"href":"https:\/\/singerlatam.com\/bolivia\/wp-json\/wp\/v2\/users\/1"}],"replies":[{"embeddable":true,"href":"https:\/\/singerlatam.com\/bolivia\/wp-json\/wp\/v2\/comments?post=9"}],"version-history":[{"count":3,"href":"https:\/\/singerlatam.com\/bolivia\/wp-json\/wp\/v2\/pages\/9\/revisions"}],"predecessor-version":[{"id":451,"href":"https:\/\/singerlatam.com\/bolivia\/wp-json\/wp\/v2\/pages\/9\/revisions\/451"}],"wp:attachment":[{"href":"https:\/\/singerlatam.com\/bolivia\/wp-json\/wp\/v2\/media?parent=9"}],"curies":[{"name":"wp","href":"https:\/\/api.w.org\/{rel}","templated":true}]}}