{"id":553,"date":"2024-07-24T18:13:52","date_gmt":"2024-07-24T18:13:52","guid":{"rendered":"https:\/\/singerlatam.com\/argentina\/?page_id=553"},"modified":"2024-07-24T18:28:21","modified_gmt":"2024-07-24T18:28:21","slug":"garantias","status":"publish","type":"page","link":"https:\/\/singerlatam.com\/argentina\/garantias\/","title":{"rendered":"Garant\u00edas"},"content":{"rendered":"<p style=\"text-align: center;\"><strong>T\u00c9RMINOS Y CONDICIONES<\/strong><\/p>\n<ol>\n<li>Este certificado de garant\u00eda es v\u00e1lido en la Rep\u00fablica Argentina.<\/li>\n<li>Son beneficiarios del mismo el comprador original y los sucesivos adquirientes dentro del plazo mencionado.<\/li>\n<li>En caso de traslado de la unidad a la f\u00e1brica o taller habilitado, son a cargo del usuario.<\/li>\n<li>Ser\u00e1n causas de anulaci\u00f3n de esta garant\u00eda:\n<ol>\n<li>Uso impropio o distinto del uso dom\u00e9stico.<\/li>\n<li>Excesos o ca\u00eddas de tensi\u00f3n el\u00e9ctrica que impliquen uso en condiciones anormales.<\/li>\n<li>Intervenci\u00f3n en la m\u00e1quina por personal no autorizado por \u201cMACOSER S.A.\u201d<\/li>\n<li>La operaci\u00f3n de la unidad en condiciones no prescriptas en el manual de instrucciones.<\/li>\n<li>La falta de mantenimiento seg\u00fan lo indica el manual de instrucciones.<\/li>\n<\/ol>\n<\/li>\n<li>La operaci\u00f3n de la unidad en condiciones no prescriptas en el manual de instrucciones.La falta de mantenimiento seg\u00fan lo indica el manual de instrucciones.La garant\u00eda carecer\u00e1 de validez si se observa lo siguiente:\n<ol>\n<li>Enmiendas o raspaduras en los datos del certificado de garant\u00eda o factura fiscal.<\/li>\n<li>Falta de factura fiscal o de la fecha en la misma.<\/li>\n<\/ol>\n<\/li>\n<li>En caso de reparacion o compra de repuestos, el comprador deber\u00e1 dirigirse personal o telef\u00f3nicamente al servicio t\u00e9cnico autorizado m\u00e1s cercano, seg\u00fan red publicada en www.singerargentina.com.ar<\/li>\n<li>No est\u00e1n cubiertos por esta garant\u00eda:\n<ol>\n<li>Los da\u00f1os ocasionados al exterior del producto.<\/li>\n<li>Las roturas, golpes, ca\u00eddas o raspaduras causadas por traslados o almacenamiento inadecuado.<\/li>\n<li>Da\u00f1o o roturas por desastres naturales en cualquiera de sus formas (agua, Golpe, fuego).<\/li>\n<li>Los da\u00f1os o fallas ocasionados por deficiencia o interrupciones del circuito de alimentaci\u00f3n el\u00e9ctrica o por intervenciones no autorizadas.<\/li>\n<li>Los cambios de piezas o reparaciones producidas por desgaste natural o uso indiscriminado.<\/li>\n<\/ol>\n<\/li>\n<li>MACOSER S.A. no asume responsabilidad alguna por los da\u00f1os personales o a la propiedad que pudieran causar la mala instalaci\u00f3n o uso indebido de la m\u00e1quina, incluyendo en este \u00faltimo caso a la falta de mantenimiento.<\/li>\n<li>MACOSER S.A. asegura que este producto cumple con las normas de seguridad vigentes en el pa\u00eds.<\/li>\n<li>Toda intervenci\u00f3n de nuestro servicio t\u00e9cnico autorizado, realizado a pedido del comprador dentro del plazo de la garant\u00eda, que no fuera originada por falla o defecto alguno cubierto por este certificado, deber\u00e1 ser abonado por el interesado de acuerdo a la tarifa vigente.<\/li>\n<li>El presente certificado anula cualquier otra garant\u00eda impl\u00edcita o explicita, por lo cual, y expresamente no autorizamos a ninguna otra persona, sociedad o asociaci\u00f3n a asumir por nuestra cuenta ninguna responsabilidad, con respecto a nuestros productos.<\/li>\n<\/ol>\n<p>&nbsp;<\/p>\n<p>Descargar &gt;&gt; <a class=\"btn btn-danger\" href=\"https:\/\/singerlatam.com\/argentina\/wp-content\/uploads\/sites\/2\/2024\/07\/garantia-singer.pdf\" target=\"_blank\" rel=\"noopener\" download=\"\"><strong>CERTIFICADO DE GARANT\u00cdA<\/strong><\/a><\/p>\n","protected":false},"excerpt":{"rendered":"<p>T\u00c9RMINOS Y CONDICIONES Este certificado de garant\u00eda es v\u00e1lido en la Rep\u00fablica Argentina. Son beneficiarios del mismo el comprador original y los sucesivos adquirientes dentro del plazo mencionado. En caso de traslado de la unidad a la f\u00e1brica o taller habilitado, son a cargo del usuario. Ser\u00e1n causas de anulaci\u00f3n de esta garant\u00eda: Uso impropio [&hellip;]<\/p>\n","protected":false},"author":1,"featured_media":0,"parent":0,"menu_order":0,"comment_status":"closed","ping_status":"closed","template":"","meta":{"inline_featured_image":false,"footnotes":""},"class_list":["post-553","page","type-page","status-publish","hentry"],"acf":[],"aioseo_notices":[],"_links":{"self":[{"href":"https:\/\/singerlatam.com\/argentina\/wp-json\/wp\/v2\/pages\/553","targetHints":{"allow":["GET"]}}],"collection":[{"href":"https:\/\/singerlatam.com\/argentina\/wp-json\/wp\/v2\/pages"}],"about":[{"href":"https:\/\/singerlatam.com\/argentina\/wp-json\/wp\/v2\/types\/page"}],"author":[{"embeddable":true,"href":"https:\/\/singerlatam.com\/argentina\/wp-json\/wp\/v2\/users\/1"}],"replies":[{"embeddable":true,"href":"https:\/\/singerlatam.com\/argentina\/wp-json\/wp\/v2\/comments?post=553"}],"version-history":[{"count":6,"href":"https:\/\/singerlatam.com\/argentina\/wp-json\/wp\/v2\/pages\/553\/revisions"}],"predecessor-version":[{"id":559,"href":"https:\/\/singerlatam.com\/argentina\/wp-json\/wp\/v2\/pages\/553\/revisions\/559"}],"wp:attachment":[{"href":"https:\/\/singerlatam.com\/argentina\/wp-json\/wp\/v2\/media?parent=553"}],"curies":[{"name":"wp","href":"https:\/\/api.w.org\/{rel}","templated":true}]}}