{"id":242,"date":"2022-10-18T20:08:54","date_gmt":"2022-10-18T20:08:54","guid":{"rendered":"https:\/\/singerlatam.com\/argentina\/?page_id=242"},"modified":"2022-10-18T20:08:54","modified_gmt":"2022-10-18T20:08:54","slug":"aviso-de-privacidad","status":"publish","type":"page","link":"https:\/\/singerlatam.com\/argentina\/aviso-de-privacidad\/","title":{"rendered":"Aviso de privacidad"},"content":{"rendered":"<h4><strong>A nuestros Prospectos y Clientes:<\/strong><\/h4>\n<p>En cumplimiento a las disposiciones y lo anterior de conformidad con los art\u00edculos 15 y 16 de la Ley Federal de Protecci\u00f3n de Datos Personales en Posesi\u00f3n de los Particulares, tiene como prop\u00f3sito principal hacer de su conocimiento el tratamiento al que ser\u00e1n sometido sus datos personales, con el fin de garantizar su privacidad le informamos lo siguiente:<\/p>\n<ol>\n<li><strong>DOMICILIO E IDENTIDIDAD DEL RESPONSABLE QUE LOS RECABA:<\/strong><\/li>\n<\/ol>\n<p>SVP M\u00e9xico S.A. con domicilio en Avenida Ej\u00e9rcito Nacional n\u00famero 579-7A, Colonia Granada, C.P. 11520, Alcald\u00eda Miguel Hidalgo, Ciudad de M\u00e9xico, M\u00e9xico, de conformidad con lo dispuesto en la Ley Federal de Protecci\u00f3n de Datos Personales en Posesi\u00f3n de los Particulares hace de su conocimiento el presente Aviso de Privacidad para nuestros clientes, mismo que es responsable de recabar sus datos personales, del uso que se le d\u00e9 a los mismos y de su protecci\u00f3n.<\/p>\n<ol start=\"2\">\n<li><strong>SOBRE EL TRATAMIENTO DE LOS DATOS PERSONALES DE LOS PROSPECTOS Y CLIENTES DE SVP M\u00e9xico, S.A.<\/strong><\/li>\n<\/ol>\n<p>Recabamos sus datos personales, sensibles y\/o financieros para los efectos mencionados en el presente Aviso de Privacidad. En este sentido, hacemos de su conocimiento que sus datos personales ser\u00e1n tratados y resguardados con base en los principios de licitud, calidad, consentimiento, informaci\u00f3n, finalidad, lealtad, proporcionalidad y responsabilidad, consagrados en la Ley Federal de Protecci\u00f3n de Datos Personales en Posesi\u00f3n de los Particulares.<\/p>\n<ol start=\"3\">\n<li><strong>FINALIDADES:<\/strong><\/li>\n<\/ol>\n<p>Recopilamos sus datos personales y datos personales sensibles por lo que solicitamos su consentimiento a trav\u00e9s del presente Aviso de Privacidad con el objeto de utilizarlos para los siguientes fines:<\/p>\n<ol>\n<li>I) Para considerarlo como cliente prospecto de SVP M\u00e9xico, S.A.<\/li>\n<li>II) Para realizar, en caso de ser necesario, las investigaciones sobre su comportamiento crediticio, as\u00ed como la verificaci\u00f3n de sus referencias comerciales o personales proporcionadas.<\/li>\n<\/ol>\n<p>III) Para identificarlo, en su momento, como cliente de SVP M\u00e9xico, S.A.<\/p>\n<ol>\n<li>IV) Para contactarlo y enviarle informaci\u00f3n relevante sobre nuestros productos.<\/li>\n<li>V) Para realizar todas las gestiones internas necesarias relacionadas con la relaci\u00f3n comercial y\/o contractual que se encuentre vigente, incluyendo cuestiones fiscales, de cr\u00e9dito y pagos.<\/li>\n<li>VI) Los datos que recabamos tiene como finalidad brindarle informaci\u00f3n sobre las actividades de facturaci\u00f3n, garant\u00eda de productos, servicio posventa, consultas t\u00e9cnicas o de operaci\u00f3n de nuestros productos, estad\u00edsticas de mercadotecnia, comerciales y de promoci\u00f3n de los servicios y productos que ha solicitado, mismos, que le haremos llegar, ya sea de manera f\u00edsica, telef\u00f3nica, electr\u00f3nica, o por cualquier otra tecnolog\u00eda o medio que est\u00e9 al alcance de SVP M\u00e9xico, S.A., informarle sobre cambios en los mismos y evaluar la calidad del servicio que le brindamos.<\/li>\n<\/ol>\n<p>VII) Para las finalidades antes mencionadas, requerimos obtener los siguientes datos personales: Nombre, domicilio, n\u00famero telef\u00f3nico, correo electr\u00f3nico, registro federal de contribuyentes, as\u00ed como, cualquier otra informaci\u00f3n de cualquier otra \u00edndole, siempre que se cumpla con lo establecido en la Ley Federal de Protecci\u00f3n de Datos Personales en Posesi\u00f3n de los Particulares y su Reglamento respecto a cada tipo de informaci\u00f3n, mismos, que quedaran registrados en nuestra base de datos.<\/p>\n<ol start=\"4\">\n<li><strong>MEDIOS PARA LIMITAR EL USO O DIVULGACI\u00d3N DE SUS DATOS PERSONALES:<\/strong><\/li>\n<\/ol>\n<p>Hacemos de su conocimiento que sus datos personales y datos personales sensibles ser\u00e1n resguardados bajo estrictas medidas de seguridad administrativas, t\u00e9cnicas y f\u00edsicas las cuales han sido implementadas con objeto de proteger sus datos personales contra da\u00f1o, perdida, alteraci\u00f3n, destrucci\u00f3n o el uso, acceso o tratamiento no autorizados.<\/p>\n<p>As\u00ed mismo SVP M\u00e9xico, S.A., pone a su disposici\u00f3n el correo electr\u00f3nico\u00a0<a href=\"mailto:privacidad@svpworldwide.com\">privacidad@svpworldwide.com<\/a><u>,<\/u>\u00a0con la finalidad de que si usted desea dejar de recibir mensajes promocionales o informaci\u00f3n de nuestra parte o limitar el uso o divulgaci\u00f3n de sus datos, lo puede solicitar a trav\u00e9s del mencionado correo electr\u00f3nico, donde se atender\u00e1 su solicitud a la prontitud inmediata.<\/p>\n<ol start=\"5\">\n<li><strong>MEDIOS PARA EL EJERCICIO DE SUS DERECHOS:<\/strong><\/li>\n<\/ol>\n<p>Como titular de los datos personales del presente Aviso de Privacidad usted podr\u00e1 ejercer sus derechos de acceso, rectificaci\u00f3n, cancelaci\u00f3n u oposici\u00f3n (Derechos ARCO), mismo que se consagran en la Ley Federal de Protecci\u00f3n de Datos Personales en Posesi\u00f3n de los Particulares. As\u00ed mismo podr\u00e1 revocar el consentimiento otorgado para el uso de sus datos personales. En cualquiera de estos supuestos, puede realizar su solicitud mediante el env\u00edo de un correo electr\u00f3nico a la direcci\u00f3n:\u00a0<a href=\"mailto:privacidad@svpworldwide.com\">privacidad@svpworldwide.com<\/a><\/p>\n<p>Con la finalidad de poder atender su solicitud, esta deber\u00e1 satisfacer todos los requisitos estipulados en la Ley Federal de Protecci\u00f3n de Datos Personales en Posesi\u00f3n de los Particulares., misma petici\u00f3n deber\u00e1 de ir acompa\u00f1ada con la siguiente informaci\u00f3n; (i) nombre del titular y domicilio u otro medio para comunicarle la respuesta, (ii) documento que acredite la identidad del titular, o en su caso, la representaci\u00f3n del mismo, (iii) descripci\u00f3n clara y precisa de los datos personales respecto de los cuales se pretende ejercer el derecho y (iv) cualquier otro elemento o documento que facilite la localizaci\u00f3n del dato personal.<\/p>\n<p>SVP M\u00e9xico, S.A., tendr\u00e1 un plazo m\u00e1ximo de 20 d\u00edas h\u00e1biles para atender su petici\u00f3n y se le informar\u00e1 respecto de la procedencia de la misma, a trav\u00e9s del correo electr\u00f3nico o n\u00famero telef\u00f3nico que nos facilite.<\/p>\n<p>En cumplimiento al art\u00edculo 30 de la Ley Federal De Protecci\u00f3n De Datos Personales En Posesi\u00f3n De Los Particulares, SVP M\u00e9xico, S.A., designan a (persona o departamento), para dar tr\u00e1mite a las solicitudes de los titulares de la informaci\u00f3n respecto a los derechos ARCO que les asisten conforme a la ley se\u00f1alada, y podr\u00e1n ser contactados por los siguientes medios:<\/p>\n<p>800-500 9500<\/p>\n<p><a href=\"mailto:catsingermx01@svpworldwide.com\">catsingermx01@svpworldwide.com<\/a><\/p>\n<p>Este encargado de tramitar las solicitudes referidas podr\u00e1 ser cambiado o revocado en cualquier momento de manera unilateral por SVP M\u00e9xico, S.A., de manera que el dato deber\u00e1 ser consultado directamente en la versi\u00f3n m\u00e1s actualizada de este aviso que se encuentre disponible, o bien, directamente en la p\u00e1gina\u00a0<a href=\"http:\/\/www.singerlatam.com\/\">www.singerlatam.com<\/a>\u00a0en la cual se encontrar\u00e1 el dato actualizado en la secci\u00f3n \u201caviso de privacidad\u201d.<\/p>\n<ol start=\"6\">\n<li><strong>TRANSFERENCIA DE DATOS PERSONALES:<\/strong><\/li>\n<\/ol>\n<p>Sus datos personales, financieros y\/o datos personales sensibles podr\u00e1n ser transferidos a los terceros, para el cumplimiento de las obligaciones comerciales y\/o contractuales que existan entre usted y SVP M\u00e9xico, S.A., lo anterior sin perjuicio de las excepciones la Ley Federal de Protecci\u00f3n de Datos Personales en Posesi\u00f3n de los Particulares. Por lo que se solicita su consentimiento expreso para realizar dichas transferencias.<\/p>\n<p>*Si doy mi consentimiento para la transferencia de mis datos.<\/p>\n<p>*No doy mi consentimiento para la transferencia de mis datos.<\/p>\n<p>Si el titular no manifiesta su oposici\u00f3n para que sus datos personales sean transferidos, este se entender\u00e1 que ha otorgado su consentimiento para ello, de conformidad con el p\u00e1rrafo tercero del Art\u00edculo 8 de la LEY FEDERAL DE PROTECCIO\u0301N DE DATOS PERSONALES EN POSESIO\u0301N DE LOS PARTICULARES, habiendo tenido a su disposici\u00f3n el presente aviso de privacidad. \u00a0Este consentimiento t\u00e1cito podr\u00e1 revocarse en cualquier momento conforme al apartado 5. de este aviso.<\/p>\n<p>As\u00ed mismo SVP M\u00e9xico, S.A.,\u00a0quedara exceptuada de las obligaciones referentes al consentimiento para el tratamiento y transferencia de datos en los casos que se establecen de conformidad con el art\u00edculo 10, 37 y dem\u00e1s relativos de la Ley Federal de Protecci\u00f3n de Datos Personales en Posesi\u00f3n de los Particulares\u00a0y su Reglamento.<\/p>\n<ol start=\"8\">\n<li><strong>CAMBIOS AL AVISO DE PRIVACIDAD:<\/strong><\/li>\n<\/ol>\n<p>El presente Aviso de Privacidad podr\u00e1 ser modificado en el futuro. En todo caso, cualquier modificaci\u00f3n al mismo de har\u00e1 de su conocimiento mediante el env\u00edo de un correo electr\u00f3nico a la cuenta que usted nos proporcion\u00f3 inicialmente para hacer de su conocimiento el presente Aviso de Privacidad y\/o mediante la publicaci\u00f3n del mismo en la siguiente p\u00e1gina web:\u00a0<a href=\"http:\/\/www.singerlatam.com\/\">www.singerlatam.com<\/a><\/p>\n<p>SVP M\u00e9xico, S.A., no ser\u00e1 responsable en el caso de que usted no reciba la referida notificaci\u00f3n de cambio en el Aviso de Privacidad por causa de alg\u00fan problema con su cuenta de correo electr\u00f3nico o de transmisi\u00f3n de datos por internet. Sin embargo, por su seguridad, el Aviso de Privacidad vigente estar\u00e1 disponible en todo momento en la p\u00e1gina web antes se\u00f1alada.<\/p>\n<p>Copyright 2007 \u2013 SVP M\u00e9xico, S.A., Todos los Derechos Reservados.<\/p>\n<p>&nbsp;<\/p>\n<p>Fecha de \u00faltima actualizaci\u00f3n 07 de octubre de 2021<\/p>\n","protected":false},"excerpt":{"rendered":"<p>A nuestros Prospectos y Clientes: En cumplimiento a las disposiciones y lo anterior de conformidad con los art\u00edculos 15 y 16 de la Ley Federal de Protecci\u00f3n de Datos Personales en Posesi\u00f3n de los Particulares, tiene como prop\u00f3sito principal hacer de su conocimiento el tratamiento al que ser\u00e1n sometido sus datos personales, con el fin [&hellip;]<\/p>\n","protected":false},"author":1,"featured_media":0,"parent":0,"menu_order":0,"comment_status":"closed","ping_status":"closed","template":"","meta":{"inline_featured_image":false,"footnotes":""},"class_list":["post-242","page","type-page","status-publish","hentry"],"acf":[],"aioseo_notices":[],"_links":{"self":[{"href":"https:\/\/singerlatam.com\/argentina\/wp-json\/wp\/v2\/pages\/242","targetHints":{"allow":["GET"]}}],"collection":[{"href":"https:\/\/singerlatam.com\/argentina\/wp-json\/wp\/v2\/pages"}],"about":[{"href":"https:\/\/singerlatam.com\/argentina\/wp-json\/wp\/v2\/types\/page"}],"author":[{"embeddable":true,"href":"https:\/\/singerlatam.com\/argentina\/wp-json\/wp\/v2\/users\/1"}],"replies":[{"embeddable":true,"href":"https:\/\/singerlatam.com\/argentina\/wp-json\/wp\/v2\/comments?post=242"}],"version-history":[{"count":1,"href":"https:\/\/singerlatam.com\/argentina\/wp-json\/wp\/v2\/pages\/242\/revisions"}],"predecessor-version":[{"id":243,"href":"https:\/\/singerlatam.com\/argentina\/wp-json\/wp\/v2\/pages\/242\/revisions\/243"}],"wp:attachment":[{"href":"https:\/\/singerlatam.com\/argentina\/wp-json\/wp\/v2\/media?parent=242"}],"curies":[{"name":"wp","href":"https:\/\/api.w.org\/{rel}","templated":true}]}}